{"id":4968,"date":"2019-05-21T12:28:04","date_gmt":"2019-05-21T10:28:04","guid":{"rendered":"https:\/\/intermark.es\/politica-privacidad\/"},"modified":"2019-10-08T15:36:55","modified_gmt":"2019-10-08T13:36:55","slug":"politica-privacidad","status":"publish","type":"page","link":"https:\/\/intermark.es\/en\/politica-privacidad\/","title":{"rendered":"Privacy Policy"},"content":{"rendered":"<h4>I.- Objeto<\/h4>\n<p>Estas condiciones generales regulan el uso de todos los servicios del portal www.intermark.es que la compa\u00f1\u00eda INTERMARK PACKAGING &amp; LABELLING, S.L. (en adelante INTERMARK) pone a disposici\u00f3n de los usuarios de Internet. Por la mera utilizaci\u00f3n del Portal el usuario expresa la plena aceptaci\u00f3n, sin reservas, de las mismas, las cuales podr\u00e1n ser modificadas por INTERMARK en cualquier momento. Los usuarios se ven asimismo, sometidos a todas aquellas condiciones particulares, avisos o reglamentos de instrucciones que se pongan en su conocimiento en relaci\u00f3n con contenidos o servicios concretos, que completen lo previsto en estas Condiciones Generales en cuanto no se opongan a ellas.<\/p>\n<h4>II.- Exclusi\u00f3n de responsabilidad por el funcionamiento del portal y sus servicios<\/h4>\n<p>INTERMARK no garantiza la disponibilidad y continuidad del funcionamiento del Portal, de sus servicios y sus contenidos. INTERMARK no es responsable por los da\u00f1os o perjuicios de cualquier naturaleza que puedan deberse a la falta de disponibilidad o de continuidad del Portal o de cualquiera de sus servicios, o por los fallos en el acceso a las mismas.<\/p>\n<h4>III.- Exclusi\u00f3n de responsabilidad sobre la informaci\u00f3n gr\u00e1fica disponible en el portal<\/h4>\n<p>Toda la documentaci\u00f3n gr\u00e1fica incluida en esta p\u00e1gina Web es meramente orientativa.<\/p>\n<h4>IV.- Utilizaci\u00f3n del Portal y los servicios por los usuarios<\/h4>\n<p>El usuario se compromete a hacer un uso l\u00edcito y conforme a la buena fe, del Portal, sus servicios y contenidos siendo el usuario \u00fanico responsable del uso que pueda hacer de los mismos. Salvo que haya obtenido previa y expresa autorizaci\u00f3n espec\u00edficamente otorgada al efecto por parte de INTERMARK, el usuario se abstendr\u00e1 de obtener o intentar obtener cualquier tipo de contenidos, ya sean textos, gr\u00e1ficos, dibujos, archivos de sonido, im\u00e1genes o fotograf\u00edas, v\u00eddeos, software y en general cualquier clase de material accesible a trav\u00e9s del Portal o los servicios, empleando para ello medios distintos de los que se hayan puesto a su disposici\u00f3n a este efecto o de los que se empleen habitualmente a este efecto en Internet.<\/p>\n<h4>V.- Exclusi\u00f3n de responsabilidad de los contenidos de Terceros<\/h4>\n<p>INTERMARK no es en ning\u00fan caso responsable, ni de forma directa ni subsidiaria, por ning\u00fan contenido, informaci\u00f3n, comunicaci\u00f3n, opini\u00f3n o manifestaci\u00f3n de cualquier tipo que tenga su origen en el usuario o cualquier tercera persona o entidad y que se comunique, difunda, transmita o exhiba a trav\u00e9s de los servicios del Portal.<\/p>\n<h4>VI.- Exclusi\u00f3n de responsabilidad por los contenidos y servicios prestados por Terceros<\/h4>\n<p>El Portal pone a disposici\u00f3n de los usuarios dispositivos t\u00e9cnicos de enlaces, ya sean links, directorios o herramientas de b\u00fasqueda, los cuales permiten el acceso a p\u00e1ginas web o sites que son gestionados por terceros. INTERMARK no ejerce ninguna titularidad sobre los mismos, y no comercializa ni ofrece los contenidos y servicios que contienen, por lo tanto no asume ninguna responsabilidad ni directa ni subsidiaria sobre dichas p\u00e1ginas web o sites.<\/p>\n<h4>VII.- Propiedad Intelectual e Industrial<\/h4>\n<p>Todos los contenidos as\u00ed como nombres, logos, marcas y bases de datos accesibles en las p\u00e1ginas web del Portal est\u00e1n sujetos a derechos de propiedad industrial e intelectual de INTERMARK o de terceros titulares de los mismos. En ning\u00fan caso el acceso a las p\u00e1ginas web del Portal implica ning\u00fan tipo de renuncia, transmisi\u00f3n o cesi\u00f3n total o parcial de los mencionados derechos, ni confiere ning\u00fan derecho de utilizaci\u00f3n, alteraci\u00f3n, explotaci\u00f3n, reproducci\u00f3n, distribuci\u00f3n o comunicaci\u00f3n p\u00fablica sobre los contenidos o bienes de propiedad industrial sin la previa y expresa autorizaci\u00f3n espec\u00edficamente otorgada a tal efecto por parte de INTERMARK o del tercero titular de los derechos, salvo los derechos de visualizar y de realizar copias para uso personal y exclusivo del usuario, los cuales deber\u00e1n ejercerse siempre conforme a los principios de la buena fe y la legislaci\u00f3n aplicable.<\/p>\n<h4>VIII.- Privacidad y Protecci\u00f3n de Datos<\/h4>\n<p>De conformidad con lo dispuesto en la Ley Org\u00e1nica 15\/1999, de 13 de diciembre, de Protecci\u00f3n de Datos, se informa a los usuarios, de cualquiera de las aplicaciones o utilidades incluidas en esta website, que los datos de car\u00e1cter personal que nos proporcionen se incorporar\u00e1n en ficheros de cuyo tratamiento es responsable INTERMARK con domicilio social en Ctra. Castellar 520-522. Pol.1 Sector Can Petit (08227) Terrassa (Barcelona), que es la destinataria de la informaci\u00f3n facilitada, y ser\u00e1n tratados con la finalidad espec\u00edfica de cada apartado de este site, que permiten el env\u00edo de datos personales. A tal efecto, salvo que expresamente nos indique lo contrario, consideramos que nos autoriza la cesi\u00f3n de sus datos a cualquier participada del grupo de empresas INTERMARK o su transmisi\u00f3n a terceros contratados para el tratamiento de los datos o su mantenimiento. Por la mera solicitud de informaci\u00f3n por este medio, Ud. acepta que los datos de car\u00e1cter personal que nos facilite puedan ser tratados por INTERMARK a los fines indicados, salvo oposici\u00f3n expresa. En caso de negativa a aportar los datos requeridos o de oposici\u00f3n a su tratamiento, podr\u00edamos no facilitarle la informaci\u00f3n solicitada.\u2028Los usuarios pueden ejercitar sus derechos de acceso, rectificaci\u00f3n, cancelaci\u00f3n y oposici\u00f3n en los t\u00e9rminos legales mediante comunicaci\u00f3n a INTERMARK a la direcci\u00f3n antes mencionada, indicando a la atenci\u00f3n de Direcci\u00f3n de Organizaci\u00f3n-Responsable LOPD, o a trav\u00e9s del correo electr\u00f3nico intermark@intermark.es, acreditando debidamente su identidad mediante copia de su Documento Nacional de Identidad.<\/p>\n<h4 id=\"cookies\">IX. Pol\u00edtica de cookies<\/h4>\n<p>En cumplimiento del Real Decreto-ley 13\/2012, ajustado a la directiva 2009\/136\/CE, del Parlamento Europeo y del Consejo de 25 de noviembre de 2009, integrada en la LSSI (Ley 34\/2002, de 11 de julio, de servicios de la sociedad de la informaci\u00f3n y de comercio electr\u00f3nico), INTERMARK informa:<\/p>\n<p>C\u00d3MO UTILIZA INTERMARK LAS COOKIES<\/p>\n<p>Una cookie es un peque\u00f1o fragmento de texto que los sitios web que visitas env\u00edan al navegador y que permite que el sitio web recuerde informaci\u00f3n sobre tu visita, como tu pa\u00eds de origen y otras opciones, lo que puede facilitar tu pr\u00f3xima visita y hacer que el sitio y tu navegaci\u00f3n por el mismo te resulte mucho m\u00e1s \u00fatil. Las cookies desempe\u00f1an un papel muy importante, ya que sin ellas el uso de la Web ser\u00eda una experiencia mucho m\u00e1s frustrante. intermark.es utiliza cookies con el fin de facilitar tu navegaci\u00f3n. En ning\u00fan caso es posible asociar las cookies a tus datos personales concretos, ni identificarte a trav\u00e9s de ellas. Adem\u00e1s, te recordamos que como usuario tienes la posibilidad de desactivar las cookies cuando lo desees, a trav\u00e9s de la configuraci\u00f3n de tu navegador de Internet.<\/p>\n<p>Al navegar por intermark.es el usuario est\u00e1 aceptando que se puedan instalar cookies en su terminal y que nos permiten conocer la siguiente informaci\u00f3n:<\/p>\n<ul>\n<li>Informaci\u00f3n estad\u00edstica del uso de la web.<\/li>\n<li>El formato de la web preferente en el acceso desde dispositivos m\u00f3viles.<\/li>\n<li>En caso de bloquear el uso de \u2018cookies\u2019 en tu navegador es posible que algunos servicios o funcionalidades de la p\u00e1gina web no est\u00e9n disponibles.<\/li>\n<\/ul>\n<p>TIPOS DE COOKIES UTILIZADAS<\/p>\n<p>Esta web utiliza tanto cookies temporales de sesi\u00f3n como cookies permanentes. Las cookies de sesi\u00f3n almacenan datos \u00fanicamente mientras el usuario accede a la web y las cookies permanentes almacenan los datos en el terminal para que sean accedidos y utilizados en m\u00e1s de una sesi\u00f3n. En nuestra Pol\u00edtica de Privacidad se explica c\u00f3mo protegemos tu privacidad en lo que respecta al uso de las cookies y otra informaci\u00f3n. Seg\u00fan la finalidad para la que se traten los datos obtenidos a trav\u00e9s de las cookies, la web puede utilizar:<\/p>\n<ol>\n<li>Cookies t\u00e9cnicas: Son aqu\u00e9llas que permiten al usuario la navegaci\u00f3n a trav\u00e9s de la p\u00e1gina web o aplicaci\u00f3n y la utilizaci\u00f3n de las diferentes opciones o servicios que en ella existen. Por ejemplo, controlar el tr\u00e1fico y la comunicaci\u00f3n de datos, utilizar elementos de seguridad durante la navegaci\u00f3n y almacenar contenidos para la difusi\u00f3n de v\u00eddeos o sonido.<\/li>\n<li>Cookies de personalizaci\u00f3n: Son aqu\u00e9llas que permiten al usuario acceder al servicio con algunas caracter\u00edsticas de car\u00e1cter general predefinidas en tu terminal o que el propio usuario defina. Por ejemplo, el idioma, el tipo de navegador a trav\u00e9s del cual accede al servicio, el dise\u00f1o de contenidos seleccionado, geolocalizaci\u00f3n del terminal y la configuraci\u00f3n regional desde donde se accede al servicio.<\/li>\n<li>Cookies de terceros: Las cookies de terceros que permiten gestionar y mejorar los servicios ofrecidos, como por ejemplo servicios estad\u00edsticos de Google Analytics. Puede encontrar m\u00e1s informaci\u00f3n sobre Google Analytics e inhabilitar el uso de estas cookies en: https:\/\/www.google.es\/intl\/es\/analytics\/privacyoverview.html Adem\u00e1s intermark.es incrusta en su p\u00e1gina servicios (como Google Maps) que utilizan sus propias cookies. Te recomendamos leer sus pol\u00edticas de privacidad y t\u00e9rminos de uso y de cookies de cada una de ellas para tener m\u00e1s informaci\u00f3n al respecto.<\/li>\n<\/ol>\n<p>INFORMACI\u00d3N SOBRE LA FORMA DE DESACTIVAR O ELIMINAR LAS COOKIES<\/p>\n<p>El usuario podr\u00e1 -en cualquier momento- elegir qu\u00e9 cookies quiere que funcionen en este sitio web mediante:<\/p>\n<ul>\n<li>Chrome, desde https:\/\/support.google.com\/chrome\/bin\/answer.py?hl=es&amp;answer=95647<\/li>\n<li>Internet Explorer, desde https:\/\/windows.microsoft.com\/es-es\/windows7\/how-to-manage-cookies-in-internet-explorer-9<\/li>\n<li>Firefox, desde https:\/\/support.mozilla.org\/es\/kb\/habilitar-y-deshabilitar-cookies-que-los-sitios-we<\/li>\n<li>Android, desde httpss:\/\/support.google.com\/chrome\/answer\/2392709?hl=es<\/li>\n<li>Safari para OS X, desde https:\/\/macipadiphoneismo.com\/2011\/11\/17\/como-eliminar-cookies-de-safari-en-os-x-lion\/ o https:\/\/support.apple.com\/kb\/ph5042<\/li>\n<li>Safari para iOS, desde https:\/\/support.apple.com\/kb\/ht1677?viewlocale=es_ES&amp;locale=es_ES<\/li>\n<\/ul>\n<h4>X. Introducci\u00f3n de enlaces en la p\u00e1gina<\/h4>\n<p>Los USUARIOS de Internet que quiera introducir enlaces desde sus propias p\u00e1ginas web a \u00e9sta p\u00e1gina web deber\u00e1n cumplir con las condiciones que se detallan a continuaci\u00f3n:<\/p>\n<p>El enlace \u00fanicamente vincular\u00e1 con la home page o p\u00e1gina principal pero no podr\u00e1 reproducirla de ninguna forma (online links, copia de los textos, gr\u00e1ficos, etc.).<\/p>\n<p>Queda prohibido establecer frames o marcos de cualquier tipo que envuelvan a la p\u00e1gina o permitan la visualizaci\u00f3n de sus contenidos a trav\u00e9s de direcciones de Internet distintas a las de la p\u00e1gina y, en cualquier caso, esta prohibici\u00f3n incluye tambi\u00e9n que se visualicen conjuntamente con contenidos ajenos a la p\u00e1gina, de forma que:<\/p>\n<ul>\n<li>Produzca error, confusi\u00f3n o enga\u00f1o en los usuarios sobre la verdadera procedencia de los contenidos.<\/li>\n<li>Suponga un acto de comparaci\u00f3n o imitaci\u00f3n desleal.<\/li>\n<li>Sirva para aprovecharse de la reputaci\u00f3n de la marca y el prestigio de INTERMARK. De cualquier otra forma resulte prohibido por la legislaci\u00f3n vigente o atente contra los usos y costumbres de buen hacer profesional que sean de general aceptaci\u00f3n en internet.<\/li>\n<\/ul>\n<p>La p\u00e1gina que establezca el enlace deber\u00e1 cumplir fielmente con la ley y no podr\u00e1 en ning\u00fan caso disponer o enlazar con contenidos propios o de terceros que sean il\u00edcitos, nocivos o contrarios a la moral y a las buenas costumbres o que resulten inapropiados y entren en conflicto con la actividad de INTERMARK.<\/p>\n<h4>XI. Seguridad inform\u00e1tica<\/h4>\n<p>INTERMARK le informa de que esta p\u00e1gina no contiene virus.<\/p>\n<h4>XII. Legislaci\u00f3n y jurisdicci\u00f3n<\/h4>\n<p>Las condiciones generales de este aviso legal y de cualquier otro texto con car\u00e1cter contractual de este sitio web se regula por lo que dispone la legislaci\u00f3n espa\u00f1ola. Cualquier controversia que se derive del acceso y el uso de este sitio web y sus contenidos y servicios, as\u00ed como de la interpretaci\u00f3n y el cumplimiento de las presentes condiciones generales y de cualquier otro texto con car\u00e1cter contractual de este sitio web, las partes, con renuncia expresa a cualquier otro fuero que les pudiera corresponder, se someten expresamente a los juzgados y los tribunales de la ciudad de Barcelona (Espa\u00f1a).<\/p>\n<p>&nbsp;<\/p>\n<p>\u00a9 2019 INTERMARK PACKAGING &amp; LABELLING, S.L.<\/p>\n","protected":false},"excerpt":{"rendered":"<p>I.- Objeto Estas condiciones generales regulan el uso de todos los servicios del portal www.intermark.es que la compa\u00f1\u00eda INTERMARK PACKAGING &amp; LABELLING, S.L. (en adelante INTERMARK) pone a disposici\u00f3n de los usuarios de Internet. Por la mera utilizaci\u00f3n del Portal el usuario expresa la plena aceptaci\u00f3n, sin reservas, de las mismas, las cuales podr\u00e1n ser [&hellip;]<\/p>\n","protected":false},"author":5,"featured_media":0,"parent":0,"menu_order":0,"comment_status":"closed","ping_status":"closed","template":"","meta":{"footnotes":""},"class_list":["post-4968","page","type-page","status-publish","hentry"],"yoast_head":"<!-- This site is optimized with the Yoast SEO plugin v24.5 - https:\/\/yoast.com\/wordpress\/plugins\/seo\/ -->\n<title>Privacy Policy - Intermark<\/title>\n<meta name=\"robots\" content=\"index, follow, max-snippet:-1, max-image-preview:large, max-video-preview:-1\" \/>\n<link rel=\"canonical\" href=\"https:\/\/intermark.es\/aviso-legal\/\" \/>\n<meta property=\"og:locale\" content=\"en_US\" \/>\n<meta property=\"og:type\" content=\"article\" \/>\n<meta property=\"og:title\" content=\"Privacy Policy - Intermark\" \/>\n<meta property=\"og:description\" content=\"I.- Objeto Estas condiciones generales regulan el uso de todos los servicios del portal www.intermark.es que la compa\u00f1\u00eda INTERMARK PACKAGING &amp; LABELLING, S.L. (en adelante INTERMARK) pone a disposici\u00f3n de los usuarios de Internet. Por la mera utilizaci\u00f3n del Portal el usuario expresa la plena aceptaci\u00f3n, sin reservas, de las mismas, las cuales podr\u00e1n ser [&hellip;]\" \/>\n<meta property=\"og:url\" content=\"https:\/\/intermark.es\/aviso-legal\/\" \/>\n<meta property=\"og:site_name\" content=\"Intermark\" \/>\n<meta property=\"article:modified_time\" content=\"2019-10-08T13:36:55+00:00\" \/>\n<meta name=\"twitter:card\" content=\"summary_large_image\" \/>\n<meta name=\"twitter:label1\" content=\"Est. reading time\" \/>\n\t<meta name=\"twitter:data1\" content=\"10 minutes\" \/>\n<script type=\"application\/ld+json\" class=\"yoast-schema-graph\">{\"@context\":\"https:\/\/schema.org\",\"@graph\":[{\"@type\":\"WebPage\",\"@id\":\"https:\/\/intermark.es\/aviso-legal\/\",\"url\":\"https:\/\/intermark.es\/aviso-legal\/\",\"name\":\"Privacy Policy - Intermark\",\"isPartOf\":{\"@id\":\"https:\/\/intermark.es\/#website\"},\"datePublished\":\"2019-05-21T10:28:04+00:00\",\"dateModified\":\"2019-10-08T13:36:55+00:00\",\"breadcrumb\":{\"@id\":\"https:\/\/intermark.es\/aviso-legal\/#breadcrumb\"},\"inLanguage\":\"en-US\",\"potentialAction\":[{\"@type\":\"ReadAction\",\"target\":[\"https:\/\/intermark.es\/aviso-legal\/\"]}]},{\"@type\":\"BreadcrumbList\",\"@id\":\"https:\/\/intermark.es\/aviso-legal\/#breadcrumb\",\"itemListElement\":[{\"@type\":\"ListItem\",\"position\":1,\"name\":\"Home\",\"item\":\"https:\/\/intermark.es\/en\/\"},{\"@type\":\"ListItem\",\"position\":2,\"name\":\"Privacy Policy\"}]},{\"@type\":\"WebSite\",\"@id\":\"https:\/\/intermark.es\/#website\",\"url\":\"https:\/\/intermark.es\/\",\"name\":\"Intermark\",\"description\":\"Packaging &amp; labelling solutions\",\"potentialAction\":[{\"@type\":\"SearchAction\",\"target\":{\"@type\":\"EntryPoint\",\"urlTemplate\":\"https:\/\/intermark.es\/?s={search_term_string}\"},\"query-input\":{\"@type\":\"PropertyValueSpecification\",\"valueRequired\":true,\"valueName\":\"search_term_string\"}}],\"inLanguage\":\"en-US\"}]}<\/script>\n<!-- \/ Yoast SEO plugin. -->","yoast_head_json":{"title":"Privacy Policy - Intermark","robots":{"index":"index","follow":"follow","max-snippet":"max-snippet:-1","max-image-preview":"max-image-preview:large","max-video-preview":"max-video-preview:-1"},"canonical":"https:\/\/intermark.es\/aviso-legal\/","og_locale":"en_US","og_type":"article","og_title":"Privacy Policy - Intermark","og_description":"I.- Objeto Estas condiciones generales regulan el uso de todos los servicios del portal www.intermark.es que la compa\u00f1\u00eda INTERMARK PACKAGING &amp; LABELLING, S.L. (en adelante INTERMARK) pone a disposici\u00f3n de los usuarios de Internet. Por la mera utilizaci\u00f3n del Portal el usuario expresa la plena aceptaci\u00f3n, sin reservas, de las mismas, las cuales podr\u00e1n ser [&hellip;]","og_url":"https:\/\/intermark.es\/aviso-legal\/","og_site_name":"Intermark","article_modified_time":"2019-10-08T13:36:55+00:00","twitter_card":"summary_large_image","twitter_misc":{"Est. reading time":"10 minutes"},"schema":{"@context":"https:\/\/schema.org","@graph":[{"@type":"WebPage","@id":"https:\/\/intermark.es\/aviso-legal\/","url":"https:\/\/intermark.es\/aviso-legal\/","name":"Privacy Policy - Intermark","isPartOf":{"@id":"https:\/\/intermark.es\/#website"},"datePublished":"2019-05-21T10:28:04+00:00","dateModified":"2019-10-08T13:36:55+00:00","breadcrumb":{"@id":"https:\/\/intermark.es\/aviso-legal\/#breadcrumb"},"inLanguage":"en-US","potentialAction":[{"@type":"ReadAction","target":["https:\/\/intermark.es\/aviso-legal\/"]}]},{"@type":"BreadcrumbList","@id":"https:\/\/intermark.es\/aviso-legal\/#breadcrumb","itemListElement":[{"@type":"ListItem","position":1,"name":"Home","item":"https:\/\/intermark.es\/en\/"},{"@type":"ListItem","position":2,"name":"Privacy Policy"}]},{"@type":"WebSite","@id":"https:\/\/intermark.es\/#website","url":"https:\/\/intermark.es\/","name":"Intermark","description":"Packaging &amp; labelling solutions","potentialAction":[{"@type":"SearchAction","target":{"@type":"EntryPoint","urlTemplate":"https:\/\/intermark.es\/?s={search_term_string}"},"query-input":{"@type":"PropertyValueSpecification","valueRequired":true,"valueName":"search_term_string"}}],"inLanguage":"en-US"}]}},"_links":{"self":[{"href":"https:\/\/intermark.es\/en\/wp-json\/wp\/v2\/pages\/4968","targetHints":{"allow":["GET"]}}],"collection":[{"href":"https:\/\/intermark.es\/en\/wp-json\/wp\/v2\/pages"}],"about":[{"href":"https:\/\/intermark.es\/en\/wp-json\/wp\/v2\/types\/page"}],"author":[{"embeddable":true,"href":"https:\/\/intermark.es\/en\/wp-json\/wp\/v2\/users\/5"}],"replies":[{"embeddable":true,"href":"https:\/\/intermark.es\/en\/wp-json\/wp\/v2\/comments?post=4968"}],"version-history":[{"count":1,"href":"https:\/\/intermark.es\/en\/wp-json\/wp\/v2\/pages\/4968\/revisions"}],"predecessor-version":[{"id":5026,"href":"https:\/\/intermark.es\/en\/wp-json\/wp\/v2\/pages\/4968\/revisions\/5026"}],"wp:attachment":[{"href":"https:\/\/intermark.es\/en\/wp-json\/wp\/v2\/media?parent=4968"}],"curies":[{"name":"wp","href":"https:\/\/api.w.org\/{rel}","templated":true}]}}